{"id":55,"date":"2017-04-29T19:18:06","date_gmt":"2017-04-29T19:18:06","guid":{"rendered":"http:\/\/meine-glueckswerkstatt.de\/?page_id=55"},"modified":"2025-02-18T15:34:17","modified_gmt":"2025-02-18T15:34:17","slug":"yoga","status":"publish","type":"page","link":"https:\/\/meine-glueckswerkstatt.de\/?page_id=55","title":{"rendered":"Yoga &#038; Achtsamkeit"},"content":{"rendered":"\t\t<div data-elementor-type=\"wp-page\" data-elementor-id=\"55\" class=\"elementor elementor-55\">\n\t\t\t\t\t\t<section class=\"elementor-section elementor-top-section elementor-element elementor-element-7c8ca69 elementor-section-boxed elementor-section-height-default elementor-section-height-default\" data-id=\"7c8ca69\" data-element_type=\"section\">\n\t\t\t\t\t\t<div class=\"elementor-container elementor-column-gap-default\">\n\t\t\t\t\t<div class=\"elementor-column elementor-col-100 elementor-top-column elementor-element elementor-element-0b738fb\" data-id=\"0b738fb\" data-element_type=\"column\">\n\t\t\t<div class=\"elementor-widget-wrap elementor-element-populated\">\n\t\t\t\t\t\t<div class=\"elementor-element elementor-element-578d965 elementor-widget elementor-widget-heading\" data-id=\"578d965\" data-element_type=\"widget\" data-widget_type=\"heading.default\">\n\t\t\t\t<div class=\"elementor-widget-container\">\n\t\t\t\t\t<h1 class=\"elementor-heading-title elementor-size-default\"><b>Yoga und Achtsamkeit in der GLUECKSWERKSTATT<\/b><\/h1>\t\t\t\t<\/div>\n\t\t\t\t<\/div>\n\t\t\t\t\t<\/div>\n\t\t<\/div>\n\t\t\t\t\t<\/div>\n\t\t<\/section>\n\t\t\t\t<section class=\"elementor-section elementor-top-section elementor-element elementor-element-2ab883a elementor-section-boxed elementor-section-height-default elementor-section-height-default\" data-id=\"2ab883a\" data-element_type=\"section\">\n\t\t\t\t\t\t<div class=\"elementor-container elementor-column-gap-default\">\n\t\t\t\t\t<div class=\"elementor-column elementor-col-50 elementor-top-column elementor-element elementor-element-5c1d36d\" data-id=\"5c1d36d\" data-element_type=\"column\">\n\t\t\t<div class=\"elementor-widget-wrap elementor-element-populated\">\n\t\t\t\t\t\t<div class=\"elementor-element elementor-element-715cbc0 elementor-widget elementor-widget-image\" data-id=\"715cbc0\" data-element_type=\"widget\" data-widget_type=\"image.default\">\n\t\t\t\t<div class=\"elementor-widget-container\">\n\t\t\t\t\t\t\t\t\t\t\t\t\t\t\t<img decoding=\"async\" src=\"https:\/\/meine-glueckswerkstatt.de\/wp-content\/uploads\/elementor\/thumbs\/82132FD5-DD53-4220-A55F-ADCE41D8758E-q29231kcco69nnojvdr911zebuspsnodstz9po14so.jpg\" title=\"Glueckswerkstatt Yoga\" alt=\"Glueckswerkstatt Yoga\" loading=\"lazy\" \/>\t\t\t\t\t\t\t\t\t\t\t\t\t\t\t<\/div>\n\t\t\t\t<\/div>\n\t\t\t\t\t<\/div>\n\t\t<\/div>\n\t\t\t\t<div class=\"elementor-column elementor-col-50 elementor-top-column elementor-element elementor-element-5e72a67\" data-id=\"5e72a67\" data-element_type=\"column\">\n\t\t\t<div class=\"elementor-widget-wrap elementor-element-populated\">\n\t\t\t\t\t\t<div class=\"elementor-element elementor-element-16a1c5f8 elementor-widget elementor-widget-text-editor\" data-id=\"16a1c5f8\" data-element_type=\"widget\" data-widget_type=\"text-editor.default\">\n\t\t\t\t<div class=\"elementor-widget-container\">\n\t\t\t\t\t\t\t\t\t<p><strong>&#8222;Wer Yoga \u00fcbt, entfernt das Unkraut aus dem K\u00f6rper, sodass der Garten wachsen kann&#8230;.&#8220;&nbsp; <\/strong><span style=\"font-size: 8pt;\">Iyengar 1918- 2014<\/span><\/p>\n<p><span class=\"_5yl5\">In dieser hektischen, leistungsorientierten Welt werden bewusste Pausen und Auszeiten immer wichtiger. <\/span><\/p>\n<p><span class=\"_5yl5\">Yoga bietet dir ein vielseitiges, k\u00f6rperliches Training verbunden mit verschiedenen Atemtechniken und Meditations\u00fcbungen um die Beweglichkeit von K\u00f6rper und Geist wieder zu verbessern. Du hast Sorge nicht fit genug oder gelenkig genug zu sein? <\/span><\/p>\n<p><span class=\"_5yl5\">Das darfst du gleich wieder loslassen.<\/span><\/p>\n<p><span class=\"_5yl5\"><strong> Du<\/strong> stehst im Fokus jeder Yogastunde und von Stunde zu Stunde wirst du sicherer und bekommst immer mehr Zugang zu dir. <\/span><\/p>\n<p><strong><span class=\"_5yl5\">Yoga ist der ehrlichste Weg zur\u00fcck zu Dir selbst. \u2665<\/span><\/strong><\/p>\n<p><\/p>\n<p><\/p>\n<p><\/p>\t\t\t\t\t\t\t\t<\/div>\n\t\t\t\t<\/div>\n\t\t\t\t\t<\/div>\n\t\t<\/div>\n\t\t\t\t\t<\/div>\n\t\t<\/section>\n\t\t\t\t<section class=\"elementor-section elementor-top-section elementor-element elementor-element-37448cb3 elementor-section-boxed elementor-section-height-default elementor-section-height-default\" data-id=\"37448cb3\" data-element_type=\"section\">\n\t\t\t\t\t\t<div class=\"elementor-container elementor-column-gap-default\">\n\t\t\t\t\t<div class=\"elementor-column elementor-col-100 elementor-top-column elementor-element elementor-element-47e49695\" data-id=\"47e49695\" data-element_type=\"column\">\n\t\t\t<div class=\"elementor-widget-wrap elementor-element-populated\">\n\t\t\t\t\t\t<div class=\"elementor-element elementor-element-dc40727 elementor-widget elementor-widget-heading\" data-id=\"dc40727\" data-element_type=\"widget\" data-widget_type=\"heading.default\">\n\t\t\t\t<div class=\"elementor-widget-container\">\n\t\t\t\t\t<h2 class=\"elementor-heading-title elementor-size-default\">Kurse im \u00dcberblick:<\/h2>\t\t\t\t<\/div>\n\t\t\t\t<\/div>\n\t\t\t\t<div class=\"elementor-element elementor-element-1ccc240 elementor-widget elementor-widget-text-editor\" data-id=\"1ccc240\" data-element_type=\"widget\" data-widget_type=\"text-editor.default\">\n\t\t\t\t<div class=\"elementor-widget-container\">\n\t\t\t\t\t\t\t\t\t<p>Ob Hatha, Kundalini oder Vinyasa, Frau, Kind oder Mann &#8211; hier gibt&#8217;s Yoga f\u00fcr alle. Finde Deinen ganz pers\u00f6nlichen Stil und Deine ganze pers\u00f6nliche Stunde. Ob Kurs, Workshop oder Einzelstunde &#8211;\u00a0bei uns bist Du richtig \u2665<\/p>\n<h2><b style=\"font-size: 14px; color: #4a4a4a;\">Hatha-Yoga:<\/b><span style=\"font-size: 14px; color: #4a4a4a;\">\u00a0&#8222;Ha&#8220; bedeutet Sonne und &#8222;tha&#8220; Mond. Hatha Yoga ist also die Harmonisierung der beiden Grundenergien in unserem System, der aktivierenden, w\u00e4rmenden und der aufbauenden, k\u00fchlenden Energie. Hatha Yoga umfasst eine Reihe von Asanas (Yogahaltungen), Pranayama (Atem\u00fcbungen) und Meditation.<\/span><\/h2>\n<p><strong> Kundalini Yoga:\u00a0<\/strong>ist ein dynamischer Yogastil &#8211; nach Yogi Bhajan. Der Wechsel von k\u00f6rperlicher Herausforderung und Entspannung. Gegenstand einer jeden Yogastunde sind eine oder mehrere Kryias (\u00dcbungsreihen), Pranayama (Atem\u00fcbungen) und der Meditation. Es wird in der Stille meditiert oder auch mit dem Chanten von Mantras. Mantras sind ein fester Bestandteil der Yogastunden.<\/p>\n<p><strong> Vinyasa Yoga:<\/strong>\u00a0bedeutet \u00fcbersetzt &#8222;der schrittweise und sinnvolle Aufbau einer \u00dcbungspraxis&#8220;. Vinyasa ist ein dynamischer Yogastil, in dem sich Bewegung und Atmung zu einem flie\u00dfenden Erlebnis verbinden. Vinyasa Yoga ist Meditation in Bewegung.<\/p>\n<p><\/p>\n<p><\/p>\t\t\t\t\t\t\t\t<\/div>\n\t\t\t\t<\/div>\n\t\t\t\t\t<\/div>\n\t\t<\/div>\n\t\t\t\t\t<\/div>\n\t\t<\/section>\n\t\t\t\t<section class=\"elementor-section elementor-top-section elementor-element elementor-element-099be92 elementor-section-boxed elementor-section-height-default elementor-section-height-default\" data-id=\"099be92\" data-element_type=\"section\">\n\t\t\t\t\t\t<div class=\"elementor-container elementor-column-gap-default\">\n\t\t\t\t\t<div class=\"elementor-column elementor-col-100 elementor-top-column elementor-element elementor-element-52c4943\" data-id=\"52c4943\" data-element_type=\"column\">\n\t\t\t<div class=\"elementor-widget-wrap elementor-element-populated\">\n\t\t\t\t\t\t<div class=\"elementor-element elementor-element-76576db elementor-align-center elementor-widget elementor-widget-button\" data-id=\"76576db\" data-element_type=\"widget\" data-widget_type=\"button.default\">\n\t\t\t\t<div class=\"elementor-widget-container\">\n\t\t\t\t\t\t\t\t\t<div class=\"elementor-button-wrapper\">\n\t\t\t\t\t<a class=\"elementor-button elementor-button-link elementor-size-sm\" href=\"https:\/\/meine-glueckswerkstatt.de\/?page_id=111\">\n\t\t\t\t\t\t<span class=\"elementor-button-content-wrapper\">\n\t\t\t\t\t\t\t\t\t<span class=\"elementor-button-text\">Hier geht's zum Kursplan<\/span>\n\t\t\t\t\t<\/span>\n\t\t\t\t\t<\/a>\n\t\t\t\t<\/div>\n\t\t\t\t\t\t\t\t<\/div>\n\t\t\t\t<\/div>\n\t\t\t\t\t<\/div>\n\t\t<\/div>\n\t\t\t\t\t<\/div>\n\t\t<\/section>\n\t\t\t\t<section class=\"elementor-section elementor-top-section elementor-element elementor-element-67c187b elementor-section-boxed elementor-section-height-default elementor-section-height-default\" data-id=\"67c187b\" data-element_type=\"section\">\n\t\t\t\t\t\t<div class=\"elementor-container elementor-column-gap-default\">\n\t\t\t\t\t<div class=\"elementor-column elementor-col-100 elementor-top-column elementor-element elementor-element-3288191\" data-id=\"3288191\" data-element_type=\"column\">\n\t\t\t<div class=\"elementor-widget-wrap elementor-element-populated\">\n\t\t\t\t\t\t<div class=\"elementor-element elementor-element-eedb494 elementor-widget elementor-widget-spacer\" data-id=\"eedb494\" data-element_type=\"widget\" data-widget_type=\"spacer.default\">\n\t\t\t\t<div class=\"elementor-widget-container\">\n\t\t\t\t\t\t\t<div class=\"elementor-spacer\">\n\t\t\t<div class=\"elementor-spacer-inner\"><\/div>\n\t\t<\/div>\n\t\t\t\t\t\t<\/div>\n\t\t\t\t<\/div>\n\t\t\t\t\t<\/div>\n\t\t<\/div>\n\t\t\t\t\t<\/div>\n\t\t<\/section>\n\t\t\t\t<\/div>\n\t\t","protected":false},"excerpt":{"rendered":"<p>Yoga und Achtsamkeit in der GLUECKSWERKSTATT &#8222;Wer Yoga \u00fcbt, entfernt das Unkraut aus dem K\u00f6rper, sodass der Garten wachsen kann&#8230;.&#8220;&nbsp; Iyengar 1918- 2014 In dieser hektischen, leistungsorientierten Welt werden bewusste Pausen und Auszeiten immer wichtiger. Yoga bietet dir ein vielseitiges, k\u00f6rperliches Training verbunden mit verschiedenen Atemtechniken und Meditations\u00fcbungen um die Beweglichkeit von K\u00f6rper und Geist [&hellip;]<\/p>\n","protected":false},"author":1,"featured_media":276,"parent":0,"menu_order":0,"comment_status":"closed","ping_status":"closed","template":"","meta":{"footnotes":""},"class_list":["post-55","page","type-page","status-publish","has-post-thumbnail","hentry","entry","has-media"],"yoast_head":"<!-- This site is optimized with the Yoast SEO plugin v27.5 - https:\/\/yoast.com\/product\/yoast-seo-wordpress\/ -->\n<title>Yoga &amp; Achtsamkeit in Husum - Glueckswerkstatt<\/title>\n<meta name=\"description\" content=\"Wir lieben Yoga! Ganz egal ob Hatha Yoga, Kundalini Yoga, Vinyasa Yoga oder Yin Yoga. Probiere es aus f\u00fcr mehr innere Ruhe und Verbundenheit!\" \/>\n<meta name=\"robots\" content=\"index, follow, max-snippet:-1, max-image-preview:large, max-video-preview:-1\" \/>\n<link rel=\"canonical\" href=\"https:\/\/meine-glueckswerkstatt.de\/?page_id=55\" \/>\n<meta property=\"og:locale\" content=\"de_DE\" \/>\n<meta property=\"og:type\" content=\"article\" \/>\n<meta property=\"og:title\" content=\"Yoga &amp; Achtsamkeit in Husum - Glueckswerkstatt\" \/>\n<meta property=\"og:description\" content=\"Wir lieben Yoga! Ganz egal ob Hatha Yoga, Kundalini Yoga, Vinyasa Yoga oder Yin Yoga. Probiere es aus f\u00fcr mehr innere Ruhe und Verbundenheit!\" \/>\n<meta property=\"og:url\" content=\"https:\/\/meine-glueckswerkstatt.de\/?page_id=55\" \/>\n<meta property=\"og:site_name\" content=\"Glueckswerkstatt\" \/>\n<meta property=\"article:publisher\" content=\"https:\/\/www.facebook.com\/people\/Glueckswerkstatt\/100063448046649\/?locale=de_DE\" \/>\n<meta property=\"article:modified_time\" content=\"2025-02-18T15:34:17+00:00\" \/>\n<meta property=\"og:image\" content=\"https:\/\/meine-glueckswerkstatt.de\/wp-content\/uploads\/2017\/07\/20170604_143905.jpg\" \/>\n\t<meta property=\"og:image:width\" content=\"1858\" \/>\n\t<meta property=\"og:image:height\" content=\"2477\" \/>\n\t<meta property=\"og:image:type\" content=\"image\/jpeg\" \/>\n<meta name=\"twitter:card\" content=\"summary_large_image\" \/>\n<meta name=\"twitter:label1\" content=\"Gesch\u00e4tzte Lesezeit\" \/>\n\t<meta name=\"twitter:data1\" content=\"2\u00a0Minuten\" \/>\n<script type=\"application\/ld+json\" class=\"yoast-schema-graph\">{\"@context\":\"https:\\\/\\\/schema.org\",\"@graph\":[{\"@type\":\"WebPage\",\"@id\":\"https:\\\/\\\/meine-glueckswerkstatt.de\\\/?page_id=55\",\"url\":\"https:\\\/\\\/meine-glueckswerkstatt.de\\\/?page_id=55\",\"name\":\"Yoga & Achtsamkeit in Husum - Glueckswerkstatt\",\"isPartOf\":{\"@id\":\"https:\\\/\\\/meine-glueckswerkstatt.de\\\/#website\"},\"primaryImageOfPage\":{\"@id\":\"https:\\\/\\\/meine-glueckswerkstatt.de\\\/?page_id=55#primaryimage\"},\"image\":{\"@id\":\"https:\\\/\\\/meine-glueckswerkstatt.de\\\/?page_id=55#primaryimage\"},\"thumbnailUrl\":\"https:\\\/\\\/meine-glueckswerkstatt.de\\\/wp-content\\\/uploads\\\/2017\\\/07\\\/20170604_143905.jpg\",\"datePublished\":\"2017-04-29T19:18:06+00:00\",\"dateModified\":\"2025-02-18T15:34:17+00:00\",\"description\":\"Wir lieben Yoga! Ganz egal ob Hatha Yoga, Kundalini Yoga, Vinyasa Yoga oder Yin Yoga. Probiere es aus f\u00fcr mehr innere Ruhe und Verbundenheit!\",\"breadcrumb\":{\"@id\":\"https:\\\/\\\/meine-glueckswerkstatt.de\\\/?page_id=55#breadcrumb\"},\"inLanguage\":\"de\",\"potentialAction\":[{\"@type\":\"ReadAction\",\"target\":[\"https:\\\/\\\/meine-glueckswerkstatt.de\\\/?page_id=55\"]}]},{\"@type\":\"ImageObject\",\"inLanguage\":\"de\",\"@id\":\"https:\\\/\\\/meine-glueckswerkstatt.de\\\/?page_id=55#primaryimage\",\"url\":\"https:\\\/\\\/meine-glueckswerkstatt.de\\\/wp-content\\\/uploads\\\/2017\\\/07\\\/20170604_143905.jpg\",\"contentUrl\":\"https:\\\/\\\/meine-glueckswerkstatt.de\\\/wp-content\\\/uploads\\\/2017\\\/07\\\/20170604_143905.jpg\",\"width\":1858,\"height\":2477},{\"@type\":\"BreadcrumbList\",\"@id\":\"https:\\\/\\\/meine-glueckswerkstatt.de\\\/?page_id=55#breadcrumb\",\"itemListElement\":[{\"@type\":\"ListItem\",\"position\":1,\"name\":\"Startseite\",\"item\":\"https:\\\/\\\/meine-glueckswerkstatt.de\\\/\"},{\"@type\":\"ListItem\",\"position\":2,\"name\":\"Yoga &#038; Achtsamkeit\"}]},{\"@type\":\"WebSite\",\"@id\":\"https:\\\/\\\/meine-glueckswerkstatt.de\\\/#website\",\"url\":\"https:\\\/\\\/meine-glueckswerkstatt.de\\\/\",\"name\":\"Glueckswerkstatt\",\"description\":\"...natuerlich \u2665 gut begleitet !\",\"publisher\":{\"@id\":\"https:\\\/\\\/meine-glueckswerkstatt.de\\\/#organization\"},\"potentialAction\":[{\"@type\":\"SearchAction\",\"target\":{\"@type\":\"EntryPoint\",\"urlTemplate\":\"https:\\\/\\\/meine-glueckswerkstatt.de\\\/?s={search_term_string}\"},\"query-input\":{\"@type\":\"PropertyValueSpecification\",\"valueRequired\":true,\"valueName\":\"search_term_string\"}}],\"inLanguage\":\"de\"},{\"@type\":\"Organization\",\"@id\":\"https:\\\/\\\/meine-glueckswerkstatt.de\\\/#organization\",\"name\":\"Glueckswerkstatt\",\"url\":\"https:\\\/\\\/meine-glueckswerkstatt.de\\\/\",\"logo\":{\"@type\":\"ImageObject\",\"inLanguage\":\"de\",\"@id\":\"https:\\\/\\\/meine-glueckswerkstatt.de\\\/#\\\/schema\\\/logo\\\/image\\\/\",\"url\":\"https:\\\/\\\/meine-glueckswerkstatt.de\\\/wp-content\\\/uploads\\\/2017\\\/06\\\/cropped-logo-1-4.png\",\"contentUrl\":\"https:\\\/\\\/meine-glueckswerkstatt.de\\\/wp-content\\\/uploads\\\/2017\\\/06\\\/cropped-logo-1-4.png\",\"width\":852,\"height\":264,\"caption\":\"Glueckswerkstatt\"},\"image\":{\"@id\":\"https:\\\/\\\/meine-glueckswerkstatt.de\\\/#\\\/schema\\\/logo\\\/image\\\/\"},\"sameAs\":[\"https:\\\/\\\/www.facebook.com\\\/people\\\/Glueckswerkstatt\\\/100063448046649\\\/?locale=de_DE\",\"https:\\\/\\\/www.instagram.com\\\/meine_glueckswerkstatt\\\/?hl=de\"]}]}<\/script>\n<!-- \/ Yoast SEO plugin. -->","yoast_head_json":{"title":"Yoga & Achtsamkeit in Husum - Glueckswerkstatt","description":"Wir lieben Yoga! Ganz egal ob Hatha Yoga, Kundalini Yoga, Vinyasa Yoga oder Yin Yoga. Probiere es aus f\u00fcr mehr innere Ruhe und Verbundenheit!","robots":{"index":"index","follow":"follow","max-snippet":"max-snippet:-1","max-image-preview":"max-image-preview:large","max-video-preview":"max-video-preview:-1"},"canonical":"https:\/\/meine-glueckswerkstatt.de\/?page_id=55","og_locale":"de_DE","og_type":"article","og_title":"Yoga & Achtsamkeit in Husum - Glueckswerkstatt","og_description":"Wir lieben Yoga! Ganz egal ob Hatha Yoga, Kundalini Yoga, Vinyasa Yoga oder Yin Yoga. Probiere es aus f\u00fcr mehr innere Ruhe und Verbundenheit!","og_url":"https:\/\/meine-glueckswerkstatt.de\/?page_id=55","og_site_name":"Glueckswerkstatt","article_publisher":"https:\/\/www.facebook.com\/people\/Glueckswerkstatt\/100063448046649\/?locale=de_DE","article_modified_time":"2025-02-18T15:34:17+00:00","og_image":[{"width":1858,"height":2477,"url":"https:\/\/meine-glueckswerkstatt.de\/wp-content\/uploads\/2017\/07\/20170604_143905.jpg","type":"image\/jpeg"}],"twitter_card":"summary_large_image","twitter_misc":{"Gesch\u00e4tzte Lesezeit":"2\u00a0Minuten"},"schema":{"@context":"https:\/\/schema.org","@graph":[{"@type":"WebPage","@id":"https:\/\/meine-glueckswerkstatt.de\/?page_id=55","url":"https:\/\/meine-glueckswerkstatt.de\/?page_id=55","name":"Yoga & Achtsamkeit in Husum - Glueckswerkstatt","isPartOf":{"@id":"https:\/\/meine-glueckswerkstatt.de\/#website"},"primaryImageOfPage":{"@id":"https:\/\/meine-glueckswerkstatt.de\/?page_id=55#primaryimage"},"image":{"@id":"https:\/\/meine-glueckswerkstatt.de\/?page_id=55#primaryimage"},"thumbnailUrl":"https:\/\/meine-glueckswerkstatt.de\/wp-content\/uploads\/2017\/07\/20170604_143905.jpg","datePublished":"2017-04-29T19:18:06+00:00","dateModified":"2025-02-18T15:34:17+00:00","description":"Wir lieben Yoga! Ganz egal ob Hatha Yoga, Kundalini Yoga, Vinyasa Yoga oder Yin Yoga. Probiere es aus f\u00fcr mehr innere Ruhe und Verbundenheit!","breadcrumb":{"@id":"https:\/\/meine-glueckswerkstatt.de\/?page_id=55#breadcrumb"},"inLanguage":"de","potentialAction":[{"@type":"ReadAction","target":["https:\/\/meine-glueckswerkstatt.de\/?page_id=55"]}]},{"@type":"ImageObject","inLanguage":"de","@id":"https:\/\/meine-glueckswerkstatt.de\/?page_id=55#primaryimage","url":"https:\/\/meine-glueckswerkstatt.de\/wp-content\/uploads\/2017\/07\/20170604_143905.jpg","contentUrl":"https:\/\/meine-glueckswerkstatt.de\/wp-content\/uploads\/2017\/07\/20170604_143905.jpg","width":1858,"height":2477},{"@type":"BreadcrumbList","@id":"https:\/\/meine-glueckswerkstatt.de\/?page_id=55#breadcrumb","itemListElement":[{"@type":"ListItem","position":1,"name":"Startseite","item":"https:\/\/meine-glueckswerkstatt.de\/"},{"@type":"ListItem","position":2,"name":"Yoga &#038; Achtsamkeit"}]},{"@type":"WebSite","@id":"https:\/\/meine-glueckswerkstatt.de\/#website","url":"https:\/\/meine-glueckswerkstatt.de\/","name":"Glueckswerkstatt","description":"...natuerlich \u2665 gut begleitet !","publisher":{"@id":"https:\/\/meine-glueckswerkstatt.de\/#organization"},"potentialAction":[{"@type":"SearchAction","target":{"@type":"EntryPoint","urlTemplate":"https:\/\/meine-glueckswerkstatt.de\/?s={search_term_string}"},"query-input":{"@type":"PropertyValueSpecification","valueRequired":true,"valueName":"search_term_string"}}],"inLanguage":"de"},{"@type":"Organization","@id":"https:\/\/meine-glueckswerkstatt.de\/#organization","name":"Glueckswerkstatt","url":"https:\/\/meine-glueckswerkstatt.de\/","logo":{"@type":"ImageObject","inLanguage":"de","@id":"https:\/\/meine-glueckswerkstatt.de\/#\/schema\/logo\/image\/","url":"https:\/\/meine-glueckswerkstatt.de\/wp-content\/uploads\/2017\/06\/cropped-logo-1-4.png","contentUrl":"https:\/\/meine-glueckswerkstatt.de\/wp-content\/uploads\/2017\/06\/cropped-logo-1-4.png","width":852,"height":264,"caption":"Glueckswerkstatt"},"image":{"@id":"https:\/\/meine-glueckswerkstatt.de\/#\/schema\/logo\/image\/"},"sameAs":["https:\/\/www.facebook.com\/people\/Glueckswerkstatt\/100063448046649\/?locale=de_DE","https:\/\/www.instagram.com\/meine_glueckswerkstatt\/?hl=de"]}]}},"_links":{"self":[{"href":"https:\/\/meine-glueckswerkstatt.de\/index.php?rest_route=\/wp\/v2\/pages\/55","targetHints":{"allow":["GET"]}}],"collection":[{"href":"https:\/\/meine-glueckswerkstatt.de\/index.php?rest_route=\/wp\/v2\/pages"}],"about":[{"href":"https:\/\/meine-glueckswerkstatt.de\/index.php?rest_route=\/wp\/v2\/types\/page"}],"author":[{"embeddable":true,"href":"https:\/\/meine-glueckswerkstatt.de\/index.php?rest_route=\/wp\/v2\/users\/1"}],"replies":[{"embeddable":true,"href":"https:\/\/meine-glueckswerkstatt.de\/index.php?rest_route=%2Fwp%2Fv2%2Fcomments&post=55"}],"version-history":[{"count":91,"href":"https:\/\/meine-glueckswerkstatt.de\/index.php?rest_route=\/wp\/v2\/pages\/55\/revisions"}],"predecessor-version":[{"id":2638,"href":"https:\/\/meine-glueckswerkstatt.de\/index.php?rest_route=\/wp\/v2\/pages\/55\/revisions\/2638"}],"wp:featuredmedia":[{"embeddable":true,"href":"https:\/\/meine-glueckswerkstatt.de\/index.php?rest_route=\/wp\/v2\/media\/276"}],"wp:attachment":[{"href":"https:\/\/meine-glueckswerkstatt.de\/index.php?rest_route=%2Fwp%2Fv2%2Fmedia&parent=55"}],"curies":[{"name":"wp","href":"https:\/\/api.w.org\/{rel}","templated":true}]}}