{"id":187,"date":"2017-06-13T19:22:30","date_gmt":"2017-06-13T19:22:30","guid":{"rendered":"http:\/\/meine-glueckswerkstatt.de\/?page_id=187"},"modified":"2023-02-18T17:05:27","modified_gmt":"2023-02-18T17:05:27","slug":"impressum-2","status":"publish","type":"page","link":"https:\/\/meine-glueckswerkstatt.de\/?page_id=187","title":{"rendered":"Impressum"},"content":{"rendered":"\t\t<div data-elementor-type=\"wp-page\" data-elementor-id=\"187\" class=\"elementor elementor-187\">\n\t\t\t\t\t\t<section class=\"elementor-section elementor-top-section elementor-element elementor-element-d1ec03f elementor-section-boxed elementor-section-height-default elementor-section-height-default\" data-id=\"d1ec03f\" data-element_type=\"section\">\n\t\t\t\t\t\t<div class=\"elementor-container elementor-column-gap-default\">\n\t\t\t\t\t<div class=\"elementor-column elementor-col-100 elementor-top-column elementor-element elementor-element-18e36d29\" data-id=\"18e36d29\" data-element_type=\"column\">\n\t\t\t<div class=\"elementor-widget-wrap elementor-element-populated\">\n\t\t\t\t\t\t<div class=\"elementor-element elementor-element-710e241 elementor-widget elementor-widget-heading\" data-id=\"710e241\" data-element_type=\"widget\" data-widget_type=\"heading.default\">\n\t\t\t\t<div class=\"elementor-widget-container\">\n\t\t\t\t\t<h1 class=\"elementor-heading-title elementor-size-default\"><b>Impressum<\/b><\/h1>\t\t\t\t<\/div>\n\t\t\t\t<\/div>\n\t\t\t\t<div class=\"elementor-element elementor-element-2526bfc elementor-widget elementor-widget-text-editor\" data-id=\"2526bfc\" data-element_type=\"widget\" data-widget_type=\"text-editor.default\">\n\t\t\t\t<div class=\"elementor-widget-container\">\n\t\t\t\t\t\t\t\t\t<h2>Betreiberin dieser Seite:<\/h2>\n<p>Martje Thiesen<br>Warmh\u00f6rner Deich 7<br>25882 Tetenb\u00fcll<\/p>\n<p>Tel.:04865 901240<br>martje.thiesen@web.de<\/p>\n<p>Berufsbezeichnung: Hebamme in der Bundesrepublik Deutschland<br>Zust\u00e4ndige Aufsichtsbeh\u00f6rde ist das Gesundheitsamt Husum<br>Hebammen-IK:450108679<br>BDH Mitgliedsnummer:128920<\/p>\n<p><span style=\"font-family: 'Open Sans', sans-serif; font-size: 14px; font-style: normal; font-variant-ligatures: normal; font-variant-caps: normal; font-weight: 400;\">Ich bin Mitglied im Berufsverband Deutscher Hebammenverband e.V.<\/span><br><span style=\"font-family: 'Open Sans', sans-serif; font-size: 14px; font-style: normal; font-variant-ligatures: normal; font-variant-caps: normal; font-weight: 400;\">Haftpflichtversichert \u00fcber den Deutschen Hebammenverband e.V.<\/span><\/p>\t\t\t\t\t\t\t\t<\/div>\n\t\t\t\t<\/div>\n\t\t\t\t<div class=\"elementor-element elementor-element-5cdbc82 elementor-widget-divider--view-line elementor-widget elementor-widget-divider\" data-id=\"5cdbc82\" data-element_type=\"widget\" data-widget_type=\"divider.default\">\n\t\t\t\t<div class=\"elementor-widget-container\">\n\t\t\t\t\t\t\t<div class=\"elementor-divider\">\n\t\t\t<span class=\"elementor-divider-separator\">\n\t\t\t\t\t\t<\/span>\n\t\t<\/div>\n\t\t\t\t\t\t<\/div>\n\t\t\t\t<\/div>\n\t\t\t\t<div class=\"elementor-element elementor-element-f0ac4d4 elementor-widget elementor-widget-text-editor\" data-id=\"f0ac4d4\" data-element_type=\"widget\" data-widget_type=\"text-editor.default\">\n\t\t\t\t<div class=\"elementor-widget-container\">\n\t\t\t\t\t\t\t\t\t<h2>Widerspruch Werbe-Mails<\/h2>\n<p><o:p><\/o:p><\/p>\n<p>Der Nutzung von im Rahmen der Impressumspflicht ver\u00f6ffentlichten&nbsp;Kontaktdaten zur \u00dcbersendung von nicht ausdr\u00fccklich angeforderter Werbung und<br>Informationsmaterialien wird hiermit widersprochen. Die Betreiber der Seiten&nbsp;behalten sich ausdr\u00fccklich rechtliche Schritte im Falle der unverlangten Zusendung&nbsp;von Werbeinformationen, etwa durch Spam-E-Mails, vor.<o:p><\/o:p><\/p>\n<p><h2>Haftungsbeschr\u00e4nkung<\/h2>Die Inhalte des Internetauftritts wurden mit gr\u00f6\u00dftm\u00f6glicher Sorgfalt und nach&nbsp;bestem Gewissen erstellt. Dennoch \u00fcbernimmt der Anbieter dieser Webseite keine&nbsp;Gew\u00e4hr f\u00fcr die Aktualit\u00e4t, Vollst\u00e4ndigkeit und Richtigkeit der bereitgestellten&nbsp;Seiten und Inhalte.<o:p><\/o:p><\/p>\n<p>Als Diensteanbieter ist der Anbieter dieser Webseite gem\u00e4\u00df \u00a7 7 Abs. 1 TMG&nbsp;f\u00fcr eigene Inhalte und bereitgestellte Informationen auf diesen Seiten nach den<br>allgemeinen Gesetzen verantwortlich; nach den \u00a7\u00a7 8 bis 10 TMG jedoch nicht&nbsp;verpflichtet, die \u00fcbermittelten oder gespeicherten fremden Informationen zu<br>\u00fcberwachen. Eine Entfernung oder Sperrung dieser Inhalte erfolgt umgehend ab&nbsp;dem Zeitpunkt der Kenntnis einer konkreten Rechtsverletzung. Eine Haftung ist&nbsp;erst ab dem Zeitpunkt der Kenntniserlangung m\u00f6glich.<o:p><\/o:p><\/p>\n<p><\/p><h2>Externe Links<\/h2>\n<p>Die Webseite enth\u00e4lt sog. \u201eexterne Links\u201c (Verlinkungen) zu anderen Webseiten, auf deren Inhalt der Anbieter der Webseite keinen Einfluss hat. Aus diesem Grund kann der Anbieter f\u00fcr diese Inhalte auch keine Gew\u00e4hr \u00fcbernehmen.&nbsp;F\u00fcr die Inhalte und Richtigkeit der bereitgestellten Informationen ist der<br>jeweilige Anbieter der verlinkten Webseite verantwortlich. Zum Zeitpunkt der&nbsp;Verlinkung waren keine Rechtsverst\u00f6\u00dfe erkennbar. Bei Bekanntwerden einer<br>solchen Rechtsverletzung wird der Link umgehend entfernen.<o:p><\/o:p><\/p>\n<p><\/p>\n<p><\/p><h2>Urheberrecht\/Leistungsschutzrecht<\/h2>\n<p>Die auf dieser Webseite ver\u00f6ffentlichten Inhalte, Werke und bereitgestellten Informationen unterliegen dem deutschen Urheberrecht und Leistungsschutzrecht.&nbsp;Jede Art der Vervielf\u00e4ltigung, Bearbeitung, Verbreitung, Einspeicherung und&nbsp;jede Art der Verwertung au\u00dferhalb der Grenzen des Urheberrechts bedarf der&nbsp;vorherigen schriftlichen Zustimmung des jeweiligen Rechteinhabers. Das unerlaubte&nbsp;Kopieren\/Speichern der bereitgestellten Informationen auf diesen Webseiten ist&nbsp;nicht gestattet und strafbar.<o:p><\/o:p><\/p>\n<p><\/p>\t\t\t\t\t\t\t\t<\/div>\n\t\t\t\t<\/div>\n\t\t\t\t\t<\/div>\n\t\t<\/div>\n\t\t\t\t\t<\/div>\n\t\t<\/section>\n\t\t\t\t<\/div>\n\t\t","protected":false},"excerpt":{"rendered":"<p>Impressum Betreiberin dieser Seite: Martje Thiesen Warmh\u00f6rner Deich 7 25882 Tetenb\u00fcll Tel.:04865 901240 martje.thiesen@web.de Berufsbezeichnung: Hebamme in der Bundesrepublik Deutschland Zust\u00e4ndige Aufsichtsbeh\u00f6rde ist das Gesundheitsamt Husum Hebammen-IK:450108679 BDH Mitgliedsnummer:128920 Ich bin Mitglied im Berufsverband Deutscher Hebammenverband e.V. Haftpflichtversichert \u00fcber den Deutschen Hebammenverband e.V. Widerspruch Werbe-Mails Der Nutzung von im Rahmen der Impressumspflicht ver\u00f6ffentlichten&nbsp;Kontaktdaten zur \u00dcbersendung [&hellip;]<\/p>\n","protected":false},"author":1,"featured_media":0,"parent":0,"menu_order":0,"comment_status":"closed","ping_status":"closed","template":"","meta":{"footnotes":""},"class_list":["post-187","page","type-page","status-publish","hentry","entry"],"yoast_head":"<!-- This site is optimized with the Yoast SEO plugin v27.5 - https:\/\/yoast.com\/product\/yoast-seo-wordpress\/ -->\n<title>Impressum - Glueckswerkstatt<\/title>\n<meta name=\"robots\" content=\"noindex, follow\" \/>\n<meta property=\"og:locale\" content=\"de_DE\" \/>\n<meta property=\"og:type\" content=\"article\" \/>\n<meta property=\"og:title\" content=\"Impressum - Glueckswerkstatt\" \/>\n<meta property=\"og:description\" content=\"Impressum Betreiberin dieser Seite: Martje Thiesen Warmh\u00f6rner Deich 7 25882 Tetenb\u00fcll Tel.:04865 901240 martje.thiesen@web.de Berufsbezeichnung: Hebamme in der Bundesrepublik Deutschland Zust\u00e4ndige Aufsichtsbeh\u00f6rde ist das Gesundheitsamt Husum Hebammen-IK:450108679 BDH Mitgliedsnummer:128920 Ich bin Mitglied im Berufsverband Deutscher Hebammenverband e.V. Haftpflichtversichert \u00fcber den Deutschen Hebammenverband e.V. Widerspruch Werbe-Mails Der Nutzung von im Rahmen der Impressumspflicht ver\u00f6ffentlichten&nbsp;Kontaktdaten zur \u00dcbersendung [&hellip;]\" \/>\n<meta property=\"og:url\" content=\"https:\/\/meine-glueckswerkstatt.de\/?page_id=187\" \/>\n<meta property=\"og:site_name\" content=\"Glueckswerkstatt\" \/>\n<meta property=\"article:publisher\" content=\"https:\/\/www.facebook.com\/people\/Glueckswerkstatt\/100063448046649\/?locale=de_DE\" \/>\n<meta property=\"article:modified_time\" content=\"2023-02-18T17:05:27+00:00\" \/>\n<meta name=\"twitter:card\" content=\"summary_large_image\" \/>\n<meta name=\"twitter:label1\" content=\"Gesch\u00e4tzte Lesezeit\" \/>\n\t<meta name=\"twitter:data1\" content=\"2\u00a0Minuten\" \/>\n<script type=\"application\/ld+json\" class=\"yoast-schema-graph\">{\"@context\":\"https:\\\/\\\/schema.org\",\"@graph\":[{\"@type\":\"WebPage\",\"@id\":\"https:\\\/\\\/meine-glueckswerkstatt.de\\\/?page_id=187\",\"url\":\"https:\\\/\\\/meine-glueckswerkstatt.de\\\/?page_id=187\",\"name\":\"Impressum - Glueckswerkstatt\",\"isPartOf\":{\"@id\":\"https:\\\/\\\/meine-glueckswerkstatt.de\\\/#website\"},\"datePublished\":\"2017-06-13T19:22:30+00:00\",\"dateModified\":\"2023-02-18T17:05:27+00:00\",\"breadcrumb\":{\"@id\":\"https:\\\/\\\/meine-glueckswerkstatt.de\\\/?page_id=187#breadcrumb\"},\"inLanguage\":\"de\",\"potentialAction\":[{\"@type\":\"ReadAction\",\"target\":[\"https:\\\/\\\/meine-glueckswerkstatt.de\\\/?page_id=187\"]}]},{\"@type\":\"BreadcrumbList\",\"@id\":\"https:\\\/\\\/meine-glueckswerkstatt.de\\\/?page_id=187#breadcrumb\",\"itemListElement\":[{\"@type\":\"ListItem\",\"position\":1,\"name\":\"Startseite\",\"item\":\"https:\\\/\\\/meine-glueckswerkstatt.de\\\/\"},{\"@type\":\"ListItem\",\"position\":2,\"name\":\"Impressum\"}]},{\"@type\":\"WebSite\",\"@id\":\"https:\\\/\\\/meine-glueckswerkstatt.de\\\/#website\",\"url\":\"https:\\\/\\\/meine-glueckswerkstatt.de\\\/\",\"name\":\"Glueckswerkstatt\",\"description\":\"...natuerlich \u2665 gut begleitet !\",\"publisher\":{\"@id\":\"https:\\\/\\\/meine-glueckswerkstatt.de\\\/#organization\"},\"potentialAction\":[{\"@type\":\"SearchAction\",\"target\":{\"@type\":\"EntryPoint\",\"urlTemplate\":\"https:\\\/\\\/meine-glueckswerkstatt.de\\\/?s={search_term_string}\"},\"query-input\":{\"@type\":\"PropertyValueSpecification\",\"valueRequired\":true,\"valueName\":\"search_term_string\"}}],\"inLanguage\":\"de\"},{\"@type\":\"Organization\",\"@id\":\"https:\\\/\\\/meine-glueckswerkstatt.de\\\/#organization\",\"name\":\"Glueckswerkstatt\",\"url\":\"https:\\\/\\\/meine-glueckswerkstatt.de\\\/\",\"logo\":{\"@type\":\"ImageObject\",\"inLanguage\":\"de\",\"@id\":\"https:\\\/\\\/meine-glueckswerkstatt.de\\\/#\\\/schema\\\/logo\\\/image\\\/\",\"url\":\"https:\\\/\\\/meine-glueckswerkstatt.de\\\/wp-content\\\/uploads\\\/2017\\\/06\\\/cropped-logo-1-4.png\",\"contentUrl\":\"https:\\\/\\\/meine-glueckswerkstatt.de\\\/wp-content\\\/uploads\\\/2017\\\/06\\\/cropped-logo-1-4.png\",\"width\":852,\"height\":264,\"caption\":\"Glueckswerkstatt\"},\"image\":{\"@id\":\"https:\\\/\\\/meine-glueckswerkstatt.de\\\/#\\\/schema\\\/logo\\\/image\\\/\"},\"sameAs\":[\"https:\\\/\\\/www.facebook.com\\\/people\\\/Glueckswerkstatt\\\/100063448046649\\\/?locale=de_DE\",\"https:\\\/\\\/www.instagram.com\\\/meine_glueckswerkstatt\\\/?hl=de\"]}]}<\/script>\n<!-- \/ Yoast SEO plugin. -->","yoast_head_json":{"title":"Impressum - Glueckswerkstatt","robots":{"index":"noindex","follow":"follow"},"og_locale":"de_DE","og_type":"article","og_title":"Impressum - Glueckswerkstatt","og_description":"Impressum Betreiberin dieser Seite: Martje Thiesen Warmh\u00f6rner Deich 7 25882 Tetenb\u00fcll Tel.:04865 901240 martje.thiesen@web.de Berufsbezeichnung: Hebamme in der Bundesrepublik Deutschland Zust\u00e4ndige Aufsichtsbeh\u00f6rde ist das Gesundheitsamt Husum Hebammen-IK:450108679 BDH Mitgliedsnummer:128920 Ich bin Mitglied im Berufsverband Deutscher Hebammenverband e.V. Haftpflichtversichert \u00fcber den Deutschen Hebammenverband e.V. Widerspruch Werbe-Mails Der Nutzung von im Rahmen der Impressumspflicht ver\u00f6ffentlichten&nbsp;Kontaktdaten zur \u00dcbersendung [&hellip;]","og_url":"https:\/\/meine-glueckswerkstatt.de\/?page_id=187","og_site_name":"Glueckswerkstatt","article_publisher":"https:\/\/www.facebook.com\/people\/Glueckswerkstatt\/100063448046649\/?locale=de_DE","article_modified_time":"2023-02-18T17:05:27+00:00","twitter_card":"summary_large_image","twitter_misc":{"Gesch\u00e4tzte Lesezeit":"2\u00a0Minuten"},"schema":{"@context":"https:\/\/schema.org","@graph":[{"@type":"WebPage","@id":"https:\/\/meine-glueckswerkstatt.de\/?page_id=187","url":"https:\/\/meine-glueckswerkstatt.de\/?page_id=187","name":"Impressum - Glueckswerkstatt","isPartOf":{"@id":"https:\/\/meine-glueckswerkstatt.de\/#website"},"datePublished":"2017-06-13T19:22:30+00:00","dateModified":"2023-02-18T17:05:27+00:00","breadcrumb":{"@id":"https:\/\/meine-glueckswerkstatt.de\/?page_id=187#breadcrumb"},"inLanguage":"de","potentialAction":[{"@type":"ReadAction","target":["https:\/\/meine-glueckswerkstatt.de\/?page_id=187"]}]},{"@type":"BreadcrumbList","@id":"https:\/\/meine-glueckswerkstatt.de\/?page_id=187#breadcrumb","itemListElement":[{"@type":"ListItem","position":1,"name":"Startseite","item":"https:\/\/meine-glueckswerkstatt.de\/"},{"@type":"ListItem","position":2,"name":"Impressum"}]},{"@type":"WebSite","@id":"https:\/\/meine-glueckswerkstatt.de\/#website","url":"https:\/\/meine-glueckswerkstatt.de\/","name":"Glueckswerkstatt","description":"...natuerlich \u2665 gut begleitet !","publisher":{"@id":"https:\/\/meine-glueckswerkstatt.de\/#organization"},"potentialAction":[{"@type":"SearchAction","target":{"@type":"EntryPoint","urlTemplate":"https:\/\/meine-glueckswerkstatt.de\/?s={search_term_string}"},"query-input":{"@type":"PropertyValueSpecification","valueRequired":true,"valueName":"search_term_string"}}],"inLanguage":"de"},{"@type":"Organization","@id":"https:\/\/meine-glueckswerkstatt.de\/#organization","name":"Glueckswerkstatt","url":"https:\/\/meine-glueckswerkstatt.de\/","logo":{"@type":"ImageObject","inLanguage":"de","@id":"https:\/\/meine-glueckswerkstatt.de\/#\/schema\/logo\/image\/","url":"https:\/\/meine-glueckswerkstatt.de\/wp-content\/uploads\/2017\/06\/cropped-logo-1-4.png","contentUrl":"https:\/\/meine-glueckswerkstatt.de\/wp-content\/uploads\/2017\/06\/cropped-logo-1-4.png","width":852,"height":264,"caption":"Glueckswerkstatt"},"image":{"@id":"https:\/\/meine-glueckswerkstatt.de\/#\/schema\/logo\/image\/"},"sameAs":["https:\/\/www.facebook.com\/people\/Glueckswerkstatt\/100063448046649\/?locale=de_DE","https:\/\/www.instagram.com\/meine_glueckswerkstatt\/?hl=de"]}]}},"_links":{"self":[{"href":"https:\/\/meine-glueckswerkstatt.de\/index.php?rest_route=\/wp\/v2\/pages\/187","targetHints":{"allow":["GET"]}}],"collection":[{"href":"https:\/\/meine-glueckswerkstatt.de\/index.php?rest_route=\/wp\/v2\/pages"}],"about":[{"href":"https:\/\/meine-glueckswerkstatt.de\/index.php?rest_route=\/wp\/v2\/types\/page"}],"author":[{"embeddable":true,"href":"https:\/\/meine-glueckswerkstatt.de\/index.php?rest_route=\/wp\/v2\/users\/1"}],"replies":[{"embeddable":true,"href":"https:\/\/meine-glueckswerkstatt.de\/index.php?rest_route=%2Fwp%2Fv2%2Fcomments&post=187"}],"version-history":[{"count":11,"href":"https:\/\/meine-glueckswerkstatt.de\/index.php?rest_route=\/wp\/v2\/pages\/187\/revisions"}],"predecessor-version":[{"id":2085,"href":"https:\/\/meine-glueckswerkstatt.de\/index.php?rest_route=\/wp\/v2\/pages\/187\/revisions\/2085"}],"wp:attachment":[{"href":"https:\/\/meine-glueckswerkstatt.de\/index.php?rest_route=%2Fwp%2Fv2%2Fmedia&parent=187"}],"curies":[{"name":"wp","href":"https:\/\/api.w.org\/{rel}","templated":true}]}}