{"id":111,"date":"2017-05-16T09:21:03","date_gmt":"2017-05-16T09:21:03","guid":{"rendered":"http:\/\/meine-glueckswerkstatt.de\/?page_id=111"},"modified":"2025-09-26T19:29:02","modified_gmt":"2025-09-26T19:29:02","slug":"kursplan","status":"publish","type":"page","link":"https:\/\/meine-glueckswerkstatt.de\/?page_id=111","title":{"rendered":"Kursplan"},"content":{"rendered":"\t\t<div data-elementor-type=\"wp-page\" data-elementor-id=\"111\" class=\"elementor elementor-111\">\n\t\t\t\t\t\t<section class=\"elementor-section elementor-top-section elementor-element elementor-element-36f5eb3 elementor-section-boxed elementor-section-height-default elementor-section-height-default\" data-id=\"36f5eb3\" data-element_type=\"section\">\n\t\t\t\t\t\t<div class=\"elementor-container elementor-column-gap-default\">\n\t\t\t\t\t<div class=\"elementor-column elementor-col-100 elementor-top-column elementor-element elementor-element-d552f5d\" data-id=\"d552f5d\" data-element_type=\"column\">\n\t\t\t<div class=\"elementor-widget-wrap elementor-element-populated\">\n\t\t\t\t\t\t<div class=\"elementor-element elementor-element-31bb429 elementor-widget elementor-widget-heading\" data-id=\"31bb429\" data-element_type=\"widget\" data-widget_type=\"heading.default\">\n\t\t\t\t<div class=\"elementor-widget-container\">\n\t\t\t\t\t<h1 class=\"elementor-heading-title elementor-size-default\"><b>Alle Kurse im Wochen\u00fcberblick<\/b><\/h1>\t\t\t\t<\/div>\n\t\t\t\t<\/div>\n\t\t\t\t<div class=\"elementor-element elementor-element-f6a10d2 elementor-widget elementor-widget-text-editor\" data-id=\"f6a10d2\" data-element_type=\"widget\" data-widget_type=\"text-editor.default\">\n\t\t\t\t<div class=\"elementor-widget-container\">\n\t\t\t\t\t\t\t\t\t<p>Hier findest du alle aktuellen Kurse, die online oder in der GLUECKSWERKSTATT stattfinden. Einfach gew\u00fcnschten Kurs anklicken und online buchen:<\/p>\t\t\t\t\t\t\t\t<\/div>\n\t\t\t\t<\/div>\n\t\t\t\t<div class=\"elementor-element elementor-element-859ce31 elementor-widget elementor-widget-html\" data-id=\"859ce31\" data-element_type=\"widget\" data-widget_type=\"html.default\">\n\t\t\t\t<div class=\"elementor-widget-container\">\n\t\t\t\t\t<div id='fyndery_calendar_container_2236'><\/div><script>var iurl='https:\/\/www.fyndery.de\/book_course\/calendar\/2236\/1\/?coach_ids=10580,10535,10855,22736,10866,16476,30017,32455&url='+parent.document.URL; document.getElementById('fyndery_calendar_container_2236').innerHTML='<iframe id=\"iframe_calendar_2236\" src=\"'+iurl+'\" frameBorder=\"0\" style=\"width: 100%; min-width: 330px; height: auto;\"><\/iframe><div style=\"margin: 0 auto;font-family: Arial, Helvetica,sans-serif; font-size: 14px; color: #414a55;\">Probleme bei der Buchung? Tickets k\u00f6nnen auch \u00fcber <a target=\"_blank\" href=\"https:\/\/www.fyndery.de\/coach\/10535\/?ref=10535\">Martje<\/a><\/b>, <a target=\"_blank\" href=\"https:\/\/www.fyndery.de\/coach\/10855\/?ref=10855\">Indra<\/a><\/b>, <a target=\"_blank\" href=\"https:\/\/www.fyndery.de\/coach\/10866\/?ref=10866\">Maike<\/a><\/b>, <a target=\"_blank\" href=\"https:\/\/www.fyndery.de\/coach\/10580\/?ref=10580\">Saskia<\/a><\/b>, <a target=\"_blank\" href=\"https:\/\/www.fyndery.de\/coach\/22736\/?ref=22736\">Finja<\/a><\/b>, <a target=\"_blank\" href=\"https:\/\/www.fyndery.de\/coach\/16476\/?ref=16476\">Sara<\/a><\/b>, <a target=\"_blank\" href=\"https:\/\/www.fyndery.de\/coach\/30017\/?ref=\">Prisca<\/a><\/b> oder <a target=\"_blank\" href=\"https:\/\/www.fyndery.de\/coach\/32455\/?ref=\">Ina<\/a><\/b> gebucht werden.<\/div>';window.addEventListener('message', function(e) {if(e.data[2] && e.data[0]){document.getElementById('iframe_calendar_'+e.data[2]).style.height=e.data[0]+\"px\";}});<\/script>\t\t\t\t<\/div>\n\t\t\t\t<\/div>\n\t\t\t\t\t<\/div>\n\t\t<\/div>\n\t\t\t\t\t<\/div>\n\t\t<\/section>\n\t\t\t\t<section class=\"elementor-section elementor-top-section elementor-element elementor-element-ec0f7a0 elementor-section-boxed elementor-section-height-default elementor-section-height-default\" data-id=\"ec0f7a0\" data-element_type=\"section\">\n\t\t\t\t\t\t<div class=\"elementor-container elementor-column-gap-default\">\n\t\t\t\t\t<div class=\"elementor-column elementor-col-100 elementor-top-column elementor-element elementor-element-575164b\" data-id=\"575164b\" data-element_type=\"column\">\n\t\t\t<div class=\"elementor-widget-wrap elementor-element-populated\">\n\t\t\t\t\t\t<div class=\"elementor-element elementor-element-44415c9 elementor-widget-divider--view-line_icon elementor-view-default elementor-widget-divider--element-align-center elementor-widget elementor-widget-divider\" data-id=\"44415c9\" data-element_type=\"widget\" data-widget_type=\"divider.default\">\n\t\t\t\t<div class=\"elementor-widget-container\">\n\t\t\t\t\t\t\t<div class=\"elementor-divider\">\n\t\t\t<span class=\"elementor-divider-separator\">\n\t\t\t\t\t\t\t<div class=\"elementor-icon elementor-divider__element\">\n\t\t\t\t\t<i aria-hidden=\"true\" class=\"fas fa-heart\"><\/i><\/div>\n\t\t\t\t\t\t<\/span>\n\t\t<\/div>\n\t\t\t\t\t\t<\/div>\n\t\t\t\t<\/div>\n\t\t\t\t\t<\/div>\n\t\t<\/div>\n\t\t\t\t\t<\/div>\n\t\t<\/section>\n\t\t\t\t<section class=\"elementor-section elementor-top-section elementor-element elementor-element-228573f elementor-section-boxed elementor-section-height-default elementor-section-height-default\" data-id=\"228573f\" data-element_type=\"section\">\n\t\t\t\t\t\t<div class=\"elementor-container elementor-column-gap-default\">\n\t\t\t\t\t<div class=\"elementor-column elementor-col-100 elementor-top-column elementor-element elementor-element-43d5b10\" data-id=\"43d5b10\" data-element_type=\"column\">\n\t\t\t<div class=\"elementor-widget-wrap elementor-element-populated\">\n\t\t\t\t\t\t<div class=\"elementor-element elementor-element-19b660e elementor-widget elementor-widget-text-editor\" data-id=\"19b660e\" data-element_type=\"widget\" data-widget_type=\"text-editor.default\">\n\t\t\t\t<div class=\"elementor-widget-container\">\n\t\t\t\t\t\t\t\t\t<p><b>Hinweise:\u00a0<\/b><\/p><ul><li>Die R\u00e4ume sind 15 Minuten vor Kursbeginn ge\u00f6ffnet. Bitte hab Verst\u00e4ndnis, dass wir innerhalb der GLUECKSWERKSTATT \u2665 die Schuhe ausziehen, da wir meist direkt auf dem Boden arbeiten und hier auch Babys krabbeln.<\/li><li>Bitte informiere die jeweilige Kursleitung \u00fcber Beschwerden und Verletzungen.<\/li><\/ul>\t\t\t\t\t\t\t\t<\/div>\n\t\t\t\t<\/div>\n\t\t\t\t\t<\/div>\n\t\t<\/div>\n\t\t\t\t\t<\/div>\n\t\t<\/section>\n\t\t\t\t<section class=\"elementor-section elementor-top-section elementor-element elementor-element-d560b10 elementor-section-boxed elementor-section-height-default elementor-section-height-default\" data-id=\"d560b10\" data-element_type=\"section\">\n\t\t\t\t\t\t<div class=\"elementor-container elementor-column-gap-default\">\n\t\t\t\t\t<div class=\"elementor-column elementor-col-100 elementor-top-column elementor-element elementor-element-64e9297\" data-id=\"64e9297\" data-element_type=\"column\">\n\t\t\t<div class=\"elementor-widget-wrap elementor-element-populated\">\n\t\t\t\t\t\t<div class=\"elementor-element elementor-element-5be8555 elementor-widget elementor-widget-spacer\" data-id=\"5be8555\" data-element_type=\"widget\" data-widget_type=\"spacer.default\">\n\t\t\t\t<div class=\"elementor-widget-container\">\n\t\t\t\t\t\t\t<div class=\"elementor-spacer\">\n\t\t\t<div class=\"elementor-spacer-inner\"><\/div>\n\t\t<\/div>\n\t\t\t\t\t\t<\/div>\n\t\t\t\t<\/div>\n\t\t\t\t\t<\/div>\n\t\t<\/div>\n\t\t\t\t\t<\/div>\n\t\t<\/section>\n\t\t\t\t<\/div>\n\t\t","protected":false},"excerpt":{"rendered":"<p>Alle Kurse im Wochen\u00fcberblick Hier findest du alle aktuellen Kurse, die online oder in der GLUECKSWERKSTATT stattfinden. Einfach gew\u00fcnschten Kurs anklicken und online buchen: Hinweise:\u00a0 Die R\u00e4ume sind 15 Minuten vor Kursbeginn ge\u00f6ffnet. Bitte hab Verst\u00e4ndnis, dass wir innerhalb der GLUECKSWERKSTATT \u2665 die Schuhe ausziehen, da wir meist direkt auf dem Boden arbeiten und hier [&hellip;]<\/p>\n","protected":false},"author":1,"featured_media":0,"parent":0,"menu_order":0,"comment_status":"closed","ping_status":"closed","template":"","meta":{"footnotes":""},"class_list":["post-111","page","type-page","status-publish","hentry","entry"],"yoast_head":"<!-- This site is optimized with the Yoast SEO plugin v27.5 - https:\/\/yoast.com\/product\/yoast-seo-wordpress\/ -->\n<title>Kursplan - Glueckswerkstatt<\/title>\n<meta name=\"robots\" content=\"index, follow, max-snippet:-1, max-image-preview:large, max-video-preview:-1\" \/>\n<link rel=\"canonical\" href=\"https:\/\/meine-glueckswerkstatt.de\/?page_id=111\" \/>\n<meta property=\"og:locale\" content=\"de_DE\" \/>\n<meta property=\"og:type\" content=\"article\" \/>\n<meta property=\"og:title\" content=\"Kursplan - Glueckswerkstatt\" \/>\n<meta property=\"og:description\" content=\"Alle Kurse im Wochen\u00fcberblick Hier findest du alle aktuellen Kurse, die online oder in der GLUECKSWERKSTATT stattfinden. Einfach gew\u00fcnschten Kurs anklicken und online buchen: Hinweise:\u00a0 Die R\u00e4ume sind 15 Minuten vor Kursbeginn ge\u00f6ffnet. Bitte hab Verst\u00e4ndnis, dass wir innerhalb der GLUECKSWERKSTATT \u2665 die Schuhe ausziehen, da wir meist direkt auf dem Boden arbeiten und hier [&hellip;]\" \/>\n<meta property=\"og:url\" content=\"https:\/\/meine-glueckswerkstatt.de\/?page_id=111\" \/>\n<meta property=\"og:site_name\" content=\"Glueckswerkstatt\" \/>\n<meta property=\"article:publisher\" content=\"https:\/\/www.facebook.com\/people\/Glueckswerkstatt\/100063448046649\/?locale=de_DE\" \/>\n<meta property=\"article:modified_time\" content=\"2025-09-26T19:29:02+00:00\" \/>\n<meta name=\"twitter:card\" content=\"summary_large_image\" \/>\n<meta name=\"twitter:label1\" content=\"Gesch\u00e4tzte Lesezeit\" \/>\n\t<meta name=\"twitter:data1\" content=\"1\u00a0Minute\" \/>\n<script type=\"application\/ld+json\" class=\"yoast-schema-graph\">{\"@context\":\"https:\\\/\\\/schema.org\",\"@graph\":[{\"@type\":\"WebPage\",\"@id\":\"https:\\\/\\\/meine-glueckswerkstatt.de\\\/?page_id=111\",\"url\":\"https:\\\/\\\/meine-glueckswerkstatt.de\\\/?page_id=111\",\"name\":\"Kursplan - Glueckswerkstatt\",\"isPartOf\":{\"@id\":\"https:\\\/\\\/meine-glueckswerkstatt.de\\\/#website\"},\"datePublished\":\"2017-05-16T09:21:03+00:00\",\"dateModified\":\"2025-09-26T19:29:02+00:00\",\"breadcrumb\":{\"@id\":\"https:\\\/\\\/meine-glueckswerkstatt.de\\\/?page_id=111#breadcrumb\"},\"inLanguage\":\"de\",\"potentialAction\":[{\"@type\":\"ReadAction\",\"target\":[\"https:\\\/\\\/meine-glueckswerkstatt.de\\\/?page_id=111\"]}]},{\"@type\":\"BreadcrumbList\",\"@id\":\"https:\\\/\\\/meine-glueckswerkstatt.de\\\/?page_id=111#breadcrumb\",\"itemListElement\":[{\"@type\":\"ListItem\",\"position\":1,\"name\":\"Startseite\",\"item\":\"https:\\\/\\\/meine-glueckswerkstatt.de\\\/\"},{\"@type\":\"ListItem\",\"position\":2,\"name\":\"Kursplan\"}]},{\"@type\":\"WebSite\",\"@id\":\"https:\\\/\\\/meine-glueckswerkstatt.de\\\/#website\",\"url\":\"https:\\\/\\\/meine-glueckswerkstatt.de\\\/\",\"name\":\"Glueckswerkstatt\",\"description\":\"...natuerlich \u2665 gut begleitet !\",\"publisher\":{\"@id\":\"https:\\\/\\\/meine-glueckswerkstatt.de\\\/#organization\"},\"potentialAction\":[{\"@type\":\"SearchAction\",\"target\":{\"@type\":\"EntryPoint\",\"urlTemplate\":\"https:\\\/\\\/meine-glueckswerkstatt.de\\\/?s={search_term_string}\"},\"query-input\":{\"@type\":\"PropertyValueSpecification\",\"valueRequired\":true,\"valueName\":\"search_term_string\"}}],\"inLanguage\":\"de\"},{\"@type\":\"Organization\",\"@id\":\"https:\\\/\\\/meine-glueckswerkstatt.de\\\/#organization\",\"name\":\"Glueckswerkstatt\",\"url\":\"https:\\\/\\\/meine-glueckswerkstatt.de\\\/\",\"logo\":{\"@type\":\"ImageObject\",\"inLanguage\":\"de\",\"@id\":\"https:\\\/\\\/meine-glueckswerkstatt.de\\\/#\\\/schema\\\/logo\\\/image\\\/\",\"url\":\"https:\\\/\\\/meine-glueckswerkstatt.de\\\/wp-content\\\/uploads\\\/2017\\\/06\\\/cropped-logo-1-4.png\",\"contentUrl\":\"https:\\\/\\\/meine-glueckswerkstatt.de\\\/wp-content\\\/uploads\\\/2017\\\/06\\\/cropped-logo-1-4.png\",\"width\":852,\"height\":264,\"caption\":\"Glueckswerkstatt\"},\"image\":{\"@id\":\"https:\\\/\\\/meine-glueckswerkstatt.de\\\/#\\\/schema\\\/logo\\\/image\\\/\"},\"sameAs\":[\"https:\\\/\\\/www.facebook.com\\\/people\\\/Glueckswerkstatt\\\/100063448046649\\\/?locale=de_DE\",\"https:\\\/\\\/www.instagram.com\\\/meine_glueckswerkstatt\\\/?hl=de\"]}]}<\/script>\n<!-- \/ Yoast SEO plugin. -->","yoast_head_json":{"title":"Kursplan - Glueckswerkstatt","robots":{"index":"index","follow":"follow","max-snippet":"max-snippet:-1","max-image-preview":"max-image-preview:large","max-video-preview":"max-video-preview:-1"},"canonical":"https:\/\/meine-glueckswerkstatt.de\/?page_id=111","og_locale":"de_DE","og_type":"article","og_title":"Kursplan - Glueckswerkstatt","og_description":"Alle Kurse im Wochen\u00fcberblick Hier findest du alle aktuellen Kurse, die online oder in der GLUECKSWERKSTATT stattfinden. Einfach gew\u00fcnschten Kurs anklicken und online buchen: Hinweise:\u00a0 Die R\u00e4ume sind 15 Minuten vor Kursbeginn ge\u00f6ffnet. Bitte hab Verst\u00e4ndnis, dass wir innerhalb der GLUECKSWERKSTATT \u2665 die Schuhe ausziehen, da wir meist direkt auf dem Boden arbeiten und hier [&hellip;]","og_url":"https:\/\/meine-glueckswerkstatt.de\/?page_id=111","og_site_name":"Glueckswerkstatt","article_publisher":"https:\/\/www.facebook.com\/people\/Glueckswerkstatt\/100063448046649\/?locale=de_DE","article_modified_time":"2025-09-26T19:29:02+00:00","twitter_card":"summary_large_image","twitter_misc":{"Gesch\u00e4tzte Lesezeit":"1\u00a0Minute"},"schema":{"@context":"https:\/\/schema.org","@graph":[{"@type":"WebPage","@id":"https:\/\/meine-glueckswerkstatt.de\/?page_id=111","url":"https:\/\/meine-glueckswerkstatt.de\/?page_id=111","name":"Kursplan - Glueckswerkstatt","isPartOf":{"@id":"https:\/\/meine-glueckswerkstatt.de\/#website"},"datePublished":"2017-05-16T09:21:03+00:00","dateModified":"2025-09-26T19:29:02+00:00","breadcrumb":{"@id":"https:\/\/meine-glueckswerkstatt.de\/?page_id=111#breadcrumb"},"inLanguage":"de","potentialAction":[{"@type":"ReadAction","target":["https:\/\/meine-glueckswerkstatt.de\/?page_id=111"]}]},{"@type":"BreadcrumbList","@id":"https:\/\/meine-glueckswerkstatt.de\/?page_id=111#breadcrumb","itemListElement":[{"@type":"ListItem","position":1,"name":"Startseite","item":"https:\/\/meine-glueckswerkstatt.de\/"},{"@type":"ListItem","position":2,"name":"Kursplan"}]},{"@type":"WebSite","@id":"https:\/\/meine-glueckswerkstatt.de\/#website","url":"https:\/\/meine-glueckswerkstatt.de\/","name":"Glueckswerkstatt","description":"...natuerlich \u2665 gut begleitet !","publisher":{"@id":"https:\/\/meine-glueckswerkstatt.de\/#organization"},"potentialAction":[{"@type":"SearchAction","target":{"@type":"EntryPoint","urlTemplate":"https:\/\/meine-glueckswerkstatt.de\/?s={search_term_string}"},"query-input":{"@type":"PropertyValueSpecification","valueRequired":true,"valueName":"search_term_string"}}],"inLanguage":"de"},{"@type":"Organization","@id":"https:\/\/meine-glueckswerkstatt.de\/#organization","name":"Glueckswerkstatt","url":"https:\/\/meine-glueckswerkstatt.de\/","logo":{"@type":"ImageObject","inLanguage":"de","@id":"https:\/\/meine-glueckswerkstatt.de\/#\/schema\/logo\/image\/","url":"https:\/\/meine-glueckswerkstatt.de\/wp-content\/uploads\/2017\/06\/cropped-logo-1-4.png","contentUrl":"https:\/\/meine-glueckswerkstatt.de\/wp-content\/uploads\/2017\/06\/cropped-logo-1-4.png","width":852,"height":264,"caption":"Glueckswerkstatt"},"image":{"@id":"https:\/\/meine-glueckswerkstatt.de\/#\/schema\/logo\/image\/"},"sameAs":["https:\/\/www.facebook.com\/people\/Glueckswerkstatt\/100063448046649\/?locale=de_DE","https:\/\/www.instagram.com\/meine_glueckswerkstatt\/?hl=de"]}]}},"_links":{"self":[{"href":"https:\/\/meine-glueckswerkstatt.de\/index.php?rest_route=\/wp\/v2\/pages\/111","targetHints":{"allow":["GET"]}}],"collection":[{"href":"https:\/\/meine-glueckswerkstatt.de\/index.php?rest_route=\/wp\/v2\/pages"}],"about":[{"href":"https:\/\/meine-glueckswerkstatt.de\/index.php?rest_route=\/wp\/v2\/types\/page"}],"author":[{"embeddable":true,"href":"https:\/\/meine-glueckswerkstatt.de\/index.php?rest_route=\/wp\/v2\/users\/1"}],"replies":[{"embeddable":true,"href":"https:\/\/meine-glueckswerkstatt.de\/index.php?rest_route=%2Fwp%2Fv2%2Fcomments&post=111"}],"version-history":[{"count":650,"href":"https:\/\/meine-glueckswerkstatt.de\/index.php?rest_route=\/wp\/v2\/pages\/111\/revisions"}],"predecessor-version":[{"id":2689,"href":"https:\/\/meine-glueckswerkstatt.de\/index.php?rest_route=\/wp\/v2\/pages\/111\/revisions\/2689"}],"wp:attachment":[{"href":"https:\/\/meine-glueckswerkstatt.de\/index.php?rest_route=%2Fwp%2Fv2%2Fmedia&parent=111"}],"curies":[{"name":"wp","href":"https:\/\/api.w.org\/{rel}","templated":true}]}}